{"id":2129,"date":"2022-12-03T14:13:50","date_gmt":"2022-12-03T13:13:50","guid":{"rendered":"http:\/\/www.selmo.com\/telecomandi\/"},"modified":"2023-03-09T18:22:09","modified_gmt":"2023-03-09T17:22:09","slug":"telecommandes","status":"publish","type":"page","link":"https:\/\/www.selmo.com\/fr\/telecommandes\/","title":{"rendered":"T\u00e9l\u00e9commandes"},"content":{"rendered":"<div>\n<\/div>\n<p><!--more--><br \/>\n<!-- {\"name\":\"prodotti categorie\",\"type\":\"layout\",\"children\":[{\"name\":\"HERO PRODOTTI\",\"type\":\"section\",\"props\":{\"width\":\"default\",\"padding\":\"large\",\"style\":\"secondary\",\"height_viewport\":false,\"text_color\":\"light\",\"image_size\":\"cover\",\"preserve_color\":false,\"image_position\":\"center-center\",\"image\":\"wp-content\\\/uploads\\\/2022\\\/12\\\/termostato-per-scaldasalviette.jpg\",\"image_fixed\":true,\"vertical_align\":\"middle\",\"title_position\":\"top-left\",\"title_rotation\":\"left\",\"title_breakpoint\":\"xl\",\"image_loading\":true,\"media_overlay\":\"rgba(52, 67, 92, 0.72)\"},\"children\":[{\"name\":\"\",\"type\":\"row\",\"children\":[{\"name\":\"\",\"type\":\"column\",\"props\":{\"image_position\":\"center-center\",\"media_overlay_gradient\":\"\",\"width_medium\":\"1-1\",\"position_sticky_breakpoint\":\"m\"},\"children\":[{\"type\":\"headline\",\"props\":{\"title_element\":\"h1\",\"title_style\":\"heading-small\",\"text_align\":\"center\"},\"source\":{\"query\":{\"name\":\"pages.singlePage\"},\"props\":{\"_condition\":{\"filters\":{\"condition\":\"!!\"},\"name\":\"title\"},\"content\":{\"filters\":{\"search\":\"\"},\"name\":\"title\"}}}}]}]}]},{\"type\":\"section\",\"props\":{\"style\":\"default\",\"width\":\"default\",\"vertical_align\":\"middle\",\"title_position\":\"top-left\",\"title_rotation\":\"left\",\"title_breakpoint\":\"xl\",\"image_position\":\"center-center\",\"padding_remove_bottom\":false},\"children\":[{\"type\":\"row\",\"children\":[{\"type\":\"column\",\"props\":{\"position_sticky_breakpoint\":\"m\",\"image_position\":\"center-center\",\"media_overlay_gradient\":\"\"},\"children\":[{\"type\":\"grid\",\"props\":{\"show_title\":true,\"show_meta\":true,\"show_content\":true,\"show_image\":true,\"show_link\":true,\"grid_default\":\"1\",\"grid_medium\":\"4\",\"filter_style\":\"tab\",\"filter_all\":true,\"filter_position\":\"top\",\"filter_align\":\"left\",\"filter_grid_width\":\"auto\",\"filter_grid_breakpoint\":\"m\",\"title_hover_style\":\"reset\",\"title_element\":\"h3\",\"title_align\":\"top\",\"title_grid_width\":\"1-2\",\"title_grid_breakpoint\":\"m\",\"meta_style\":\"meta\",\"meta_align\":\"below-title\",\"meta_element\":\"div\",\"content_column_breakpoint\":\"m\",\"icon_width\":80,\"image_align\":\"top\",\"image_grid_width\":\"1-2\",\"image_grid_breakpoint\":\"m\",\"image_svg_color\":\"emphasis\",\"link_text\":\"\",\"link_style\":\"default\",\"margin\":\"default\",\"item_animation\":true,\"title_style\":\"h4\",\"title_margin\":\"small\",\"title_decoration\":\"line\",\"title_link\":true,\"image_link\":true,\"image_transition\":\"scale-up\",\"grid_column_gap\":\"large\",\"grid_row_gap\":\"large\"},\"children\":[{\"type\":\"grid_item\",\"source\":{\"query\":{\"name\":\"posts.customPosts\",\"arguments\":{\"terms\":[6],\"category_operator\":\"IN\",\"post_tag_operator\":\"IN\",\"users\":[],\"users_operator\":\"IN\",\"offset\":0,\"limit\":100,\"order\":\"date\",\"order_direction\":\"DESC\"}},\"props\":{\"title\":{\"filters\":{\"search\":\"\"},\"name\":\"title\"},\"image\":{\"filters\":{\"search\":\"\"},\"name\":\"featuredImage.url\"},\"link\":{\"filters\":{\"search\":\"\"},\"name\":\"link\"}}}}]}]}]}],\"name\":\"Termostati per scaldasalviette\"}],\"version\":\"2.7.22\"} --><\/p>\n","protected":false},"excerpt":{"rendered":"","protected":false},"author":1,"featured_media":0,"parent":0,"menu_order":0,"comment_status":"closed","ping_status":"closed","template":"","meta":{"footnotes":""},"yoast_head":"<!-- This site is optimized with the Yoast SEO plugin v22.3 - https:\/\/yoast.com\/wordpress\/plugins\/seo\/ -->\n<title>T\u00e9l\u00e9commande pour contr\u00f4le \u00e0 distance : toutes les informations| Selmo<\/title>\n<meta name=\"description\" content=\"T\u00e9l\u00e9commande pour contr\u00f4le \u00e0 distance : utiliser un appareil performant est tr\u00e8s important pour automatiser de nombreuses fonctionnalit\u00e9s. D\u00e9couvrez les avantages !\" \/>\n<meta name=\"robots\" content=\"index, follow, max-snippet:-1, max-image-preview:large, max-video-preview:-1\" \/>\n<link rel=\"canonical\" href=\"https:\/\/www.selmo.com\/fr\/telecommandes\/\" \/>\n<meta property=\"og:locale\" content=\"fr_FR\" \/>\n<meta property=\"og:type\" content=\"article\" \/>\n<meta property=\"og:title\" content=\"T\u00e9l\u00e9commande pour contr\u00f4le \u00e0 distance : toutes les informations| Selmo\" \/>\n<meta property=\"og:description\" content=\"T\u00e9l\u00e9commande pour contr\u00f4le \u00e0 distance : utiliser un appareil performant est tr\u00e8s important pour automatiser de nombreuses fonctionnalit\u00e9s. D\u00e9couvrez les avantages !\" \/>\n<meta property=\"og:url\" content=\"https:\/\/www.selmo.com\/fr\/telecommandes\/\" \/>\n<meta property=\"og:site_name\" content=\"Selmo\" \/>\n<meta property=\"article:modified_time\" content=\"2023-03-09T17:22:09+00:00\" \/>\n<meta name=\"twitter:card\" content=\"summary_large_image\" \/>\n<script type=\"application\/ld+json\" class=\"yoast-schema-graph\">{\"@context\":\"https:\/\/schema.org\",\"@graph\":[{\"@type\":\"WebPage\",\"@id\":\"https:\/\/www.selmo.com\/fr\/telecommandes\/\",\"url\":\"https:\/\/www.selmo.com\/fr\/telecommandes\/\",\"name\":\"T\u00e9l\u00e9commande pour contr\u00f4le \u00e0 distance : toutes les informations| Selmo\",\"isPartOf\":{\"@id\":\"https:\/\/www.selmo.com\/fr\/#website\"},\"datePublished\":\"2022-12-03T13:13:50+00:00\",\"dateModified\":\"2023-03-09T17:22:09+00:00\",\"description\":\"T\u00e9l\u00e9commande pour contr\u00f4le \u00e0 distance : utiliser un appareil performant est tr\u00e8s important pour automatiser de nombreuses fonctionnalit\u00e9s. D\u00e9couvrez les avantages !\",\"breadcrumb\":{\"@id\":\"https:\/\/www.selmo.com\/fr\/telecommandes\/#breadcrumb\"},\"inLanguage\":\"fr-FR\",\"potentialAction\":[{\"@type\":\"ReadAction\",\"target\":[\"https:\/\/www.selmo.com\/fr\/telecommandes\/\"]}]},{\"@type\":\"BreadcrumbList\",\"@id\":\"https:\/\/www.selmo.com\/fr\/telecommandes\/#breadcrumb\",\"itemListElement\":[{\"@type\":\"ListItem\",\"position\":1,\"name\":\"Home\",\"item\":\"https:\/\/www.selmo.com\/fr\/\"},{\"@type\":\"ListItem\",\"position\":2,\"name\":\"T\u00e9l\u00e9commandes\"}]},{\"@type\":\"WebSite\",\"@id\":\"https:\/\/www.selmo.com\/fr\/#website\",\"url\":\"https:\/\/www.selmo.com\/fr\/\",\"name\":\"Selmo\",\"description\":\"Composants \u00e9lectroniques et thermostatiques\",\"potentialAction\":[{\"@type\":\"SearchAction\",\"target\":{\"@type\":\"EntryPoint\",\"urlTemplate\":\"https:\/\/www.selmo.com\/fr\/?s={search_term_string}\"},\"query-input\":\"required name=search_term_string\"}],\"inLanguage\":\"fr-FR\"}]}<\/script>\n<!-- \/ Yoast SEO plugin. -->","yoast_head_json":{"title":"T\u00e9l\u00e9commande pour contr\u00f4le \u00e0 distance : toutes les informations| Selmo","description":"T\u00e9l\u00e9commande pour contr\u00f4le \u00e0 distance : utiliser un appareil performant est tr\u00e8s important pour automatiser de nombreuses fonctionnalit\u00e9s. D\u00e9couvrez les avantages !","robots":{"index":"index","follow":"follow","max-snippet":"max-snippet:-1","max-image-preview":"max-image-preview:large","max-video-preview":"max-video-preview:-1"},"canonical":"https:\/\/www.selmo.com\/fr\/telecommandes\/","og_locale":"fr_FR","og_type":"article","og_title":"T\u00e9l\u00e9commande pour contr\u00f4le \u00e0 distance : toutes les informations| Selmo","og_description":"T\u00e9l\u00e9commande pour contr\u00f4le \u00e0 distance : utiliser un appareil performant est tr\u00e8s important pour automatiser de nombreuses fonctionnalit\u00e9s. D\u00e9couvrez les avantages !","og_url":"https:\/\/www.selmo.com\/fr\/telecommandes\/","og_site_name":"Selmo","article_modified_time":"2023-03-09T17:22:09+00:00","twitter_card":"summary_large_image","schema":{"@context":"https:\/\/schema.org","@graph":[{"@type":"WebPage","@id":"https:\/\/www.selmo.com\/fr\/telecommandes\/","url":"https:\/\/www.selmo.com\/fr\/telecommandes\/","name":"T\u00e9l\u00e9commande pour contr\u00f4le \u00e0 distance : toutes les informations| Selmo","isPartOf":{"@id":"https:\/\/www.selmo.com\/fr\/#website"},"datePublished":"2022-12-03T13:13:50+00:00","dateModified":"2023-03-09T17:22:09+00:00","description":"T\u00e9l\u00e9commande pour contr\u00f4le \u00e0 distance : utiliser un appareil performant est tr\u00e8s important pour automatiser de nombreuses fonctionnalit\u00e9s. D\u00e9couvrez les avantages !","breadcrumb":{"@id":"https:\/\/www.selmo.com\/fr\/telecommandes\/#breadcrumb"},"inLanguage":"fr-FR","potentialAction":[{"@type":"ReadAction","target":["https:\/\/www.selmo.com\/fr\/telecommandes\/"]}]},{"@type":"BreadcrumbList","@id":"https:\/\/www.selmo.com\/fr\/telecommandes\/#breadcrumb","itemListElement":[{"@type":"ListItem","position":1,"name":"Home","item":"https:\/\/www.selmo.com\/fr\/"},{"@type":"ListItem","position":2,"name":"T\u00e9l\u00e9commandes"}]},{"@type":"WebSite","@id":"https:\/\/www.selmo.com\/fr\/#website","url":"https:\/\/www.selmo.com\/fr\/","name":"Selmo","description":"Composants \u00e9lectroniques et thermostatiques","potentialAction":[{"@type":"SearchAction","target":{"@type":"EntryPoint","urlTemplate":"https:\/\/www.selmo.com\/fr\/?s={search_term_string}"},"query-input":"required name=search_term_string"}],"inLanguage":"fr-FR"}]}},"_links":{"self":[{"href":"https:\/\/www.selmo.com\/fr\/wp-json\/wp\/v2\/pages\/2129"}],"collection":[{"href":"https:\/\/www.selmo.com\/fr\/wp-json\/wp\/v2\/pages"}],"about":[{"href":"https:\/\/www.selmo.com\/fr\/wp-json\/wp\/v2\/types\/page"}],"author":[{"embeddable":true,"href":"https:\/\/www.selmo.com\/fr\/wp-json\/wp\/v2\/users\/1"}],"replies":[{"embeddable":true,"href":"https:\/\/www.selmo.com\/fr\/wp-json\/wp\/v2\/comments?post=2129"}],"version-history":[{"count":0,"href":"https:\/\/www.selmo.com\/fr\/wp-json\/wp\/v2\/pages\/2129\/revisions"}],"wp:attachment":[{"href":"https:\/\/www.selmo.com\/fr\/wp-json\/wp\/v2\/media?parent=2129"}],"curies":[{"name":"wp","href":"https:\/\/api.w.org\/{rel}","templated":true}]}}